{"id":216,"date":"2026-03-30T20:40:02","date_gmt":"2026-03-30T18:40:02","guid":{"rendered":"https:\/\/powoden.com\/ppt\/?page_id=216"},"modified":"2026-04-09T08:12:50","modified_gmt":"2026-04-09T06:12:50","slug":"group","status":"publish","type":"page","link":"https:\/\/powoden.com\/ppt\/group\/","title":{"rendered":"POWODEN HOLDING"},"content":{"rendered":"\t\t<div data-elementor-type=\"wp-page\" data-elementor-id=\"216\" class=\"elementor elementor-216\" data-elementor-post-type=\"page\">\n\t\t\t\t<div class=\"elementor-element elementor-element-e982a20 e-flex e-con-boxed e-con e-parent\" data-id=\"e982a20\" data-element_type=\"container\" data-e-type=\"container\">\n\t\t\t\t\t<div class=\"e-con-inner\">\n\t\t\t\t<div class=\"elementor-element elementor-element-73e2548d elementor-invisible elementor-widget elementor-widget-heading\" data-id=\"73e2548d\" data-element_type=\"widget\" data-e-type=\"widget\" data-settings=\"{&quot;_animation&quot;:&quot;fadeIn&quot;}\" data-widget_type=\"heading.default\">\n\t\t\t\t\t<h2 class=\"elementor-heading-title elementor-size-default\">POWODEN GRUPPE<\/h2>\t\t\t\t<\/div>\n\t\t<div class=\"elementor-element elementor-element-a20fcda e-con-full e-flex e-con e-child\" data-id=\"a20fcda\" data-element_type=\"container\" data-e-type=\"container\">\n\t\t\t\t<div class=\"elementor-element elementor-element-cc3fcbf elementor-widget elementor-widget-text-editor\" data-id=\"cc3fcbf\" data-element_type=\"widget\" data-e-type=\"widget\" data-widget_type=\"text-editor.default\">\n\t\t\t\t\t\t\t\t\t<p class=\"p1\">Ihr Profi im Bereich Kabelverlegung, Kabelmontage und Stahlbau.<br \/>Von der Planung \u00fcber die Produktion bis zur Montage \u2013 alles aus einer Hand.<\/p>\t\t\t\t\t\t\t\t<\/div>\n\t\t\t\t<\/div>\n\t\t\t\t\t<\/div>\n\t\t\t\t<\/div>\n\t\t<div class=\"elementor-element elementor-element-34d2f725 e-flex e-con-boxed e-con e-parent\" data-id=\"34d2f725\" data-element_type=\"container\" data-e-type=\"container\">\n\t\t\t\t\t<div class=\"e-con-inner\">\n\t\t<div class=\"elementor-element elementor-element-17138a5b animated-fast e-con-full e-flex elementor-invisible e-con e-child\" data-id=\"17138a5b\" data-element_type=\"container\" data-e-type=\"container\" data-settings=\"{&quot;animation&quot;:&quot;fadeInUp&quot;}\">\n\t\t\t\t<div class=\"elementor-element elementor-element-4aeb3227 elementor-widget__width-inherit elementor-widget elementor-widget-image\" data-id=\"4aeb3227\" data-element_type=\"widget\" data-e-type=\"widget\" data-widget_type=\"image.default\">\n\t\t\t\t\t\t\t\t\t\t\t\t\t\t\t\t<a href=\"http:\/\/www.powoden-energie.at\">\n\t\t\t\t\t\t\t<img fetchpriority=\"high\" decoding=\"async\" width=\"593\" height=\"593\" src=\"https:\/\/powoden.com\/ppt\/wp-content\/uploads\/2026\/04\/POWODEN_ENERGIE_LOGO_viereck-nur-PE.png\" class=\"attachment-full size-full wp-image-505\" alt=\"\" srcset=\"https:\/\/powoden.com\/ppt\/wp-content\/uploads\/2026\/04\/POWODEN_ENERGIE_LOGO_viereck-nur-PE.png 593w, https:\/\/powoden.com\/ppt\/wp-content\/uploads\/2026\/04\/POWODEN_ENERGIE_LOGO_viereck-nur-PE-300x300.png 300w, https:\/\/powoden.com\/ppt\/wp-content\/uploads\/2026\/04\/POWODEN_ENERGIE_LOGO_viereck-nur-PE-150x150.png 150w\" sizes=\"(max-width: 593px) 100vw, 593px\" \/>\t\t\t\t\t\t\t\t<\/a>\n\t\t\t\t\t\t\t\t\t\t\t\t\t\t\t<\/div>\n\t\t\t\t<div class=\"elementor-element elementor-element-587d13fe elementor-widget elementor-widget-icon-box\" data-id=\"587d13fe\" data-element_type=\"widget\" data-e-type=\"widget\" data-widget_type=\"icon-box.default\">\n\t\t\t\t\t\t\t<div class=\"elementor-icon-box-wrapper\">\n\n\t\t\t\n\t\t\t\t\t\t<div class=\"elementor-icon-box-content\">\n\n\t\t\t\t\t\t\t\t\t<h3 class=\"elementor-icon-box-title\">\n\t\t\t\t\t\t<a href=\"http:\/\/www.powoden-energie.at\" >\n\t\t\t\t\t\t\tPowoden Energie- &amp; Bautechnik GmbH\t\t\t\t\t\t<\/a>\n\t\t\t\t\t<\/h3>\n\t\t\t\t\n\t\t\t\t\n\t\t\t<\/div>\n\t\t\t\n\t\t<\/div>\n\t\t\t\t\t\t<\/div>\n\t\t\t\t<div class=\"elementor-element elementor-element-401127f elementor-widget elementor-widget-text-editor\" data-id=\"401127f\" data-element_type=\"widget\" data-e-type=\"widget\" data-widget_type=\"text-editor.default\">\n\t\t\t\t\t\t\t\t\t<p>\u2022 Kabelverlegung (insbesondere Hoch- und H\u00f6chstspannung)<br \/>\u2022 Elektromontagen<br \/>\u2022 Stahl- und Anlagenmontagen<br \/>\u2022 Infrastruktur- und Spezialbau (z. B. Tunnel- und Umspannwerksprojekte)<br \/>\u2022 Abbruch- und Demontagearbeiten<\/p>\t\t\t\t\t\t\t\t<\/div>\n\t\t\t\t<div class=\"elementor-element elementor-element-6b1f140 elementor-mobile-align-center elementor-widget elementor-widget-button\" data-id=\"6b1f140\" data-element_type=\"widget\" data-e-type=\"widget\" data-widget_type=\"button.default\">\n\t\t\t\t\t\t\t\t\t\t<a class=\"elementor-button elementor-button-link elementor-size-sm elementor-animation-float\" href=\"http:\/\/www.powoden-energie.at\">\n\t\t\t\t\t\t<span class=\"elementor-button-content-wrapper\">\n\t\t\t\t\t\t\t\t\t<span class=\"elementor-button-text\">Zur Website<\/span>\n\t\t\t\t\t<\/span>\n\t\t\t\t\t<\/a>\n\t\t\t\t\t\t\t\t<\/div>\n\t\t\t\t<\/div>\n\t\t<div class=\"elementor-element elementor-element-2c8c9d29 e-con-full animated-fast e-flex elementor-invisible e-con e-child\" data-id=\"2c8c9d29\" data-element_type=\"container\" data-e-type=\"container\" data-settings=\"{&quot;animation&quot;:&quot;fadeInUp&quot;}\">\n\t\t\t\t<div class=\"elementor-element elementor-element-3d1f36b elementor-widget__width-inherit elementor-widget elementor-widget-image\" data-id=\"3d1f36b\" data-element_type=\"widget\" data-e-type=\"widget\" data-widget_type=\"image.default\">\n\t\t\t\t\t\t\t\t\t\t\t\t\t\t\t\t<a href=\"https:\/\/powoden.com\/ppt\/\">\n\t\t\t\t\t\t\t<img decoding=\"async\" width=\"593\" height=\"593\" src=\"https:\/\/powoden.com\/ppt\/wp-content\/uploads\/2026\/04\/PT_Logo.png\" class=\"attachment-full size-full wp-image-507\" alt=\"\" srcset=\"https:\/\/powoden.com\/ppt\/wp-content\/uploads\/2026\/04\/PT_Logo.png 593w, https:\/\/powoden.com\/ppt\/wp-content\/uploads\/2026\/04\/PT_Logo-300x300.png 300w, https:\/\/powoden.com\/ppt\/wp-content\/uploads\/2026\/04\/PT_Logo-150x150.png 150w\" sizes=\"(max-width: 593px) 100vw, 593px\" \/>\t\t\t\t\t\t\t\t<\/a>\n\t\t\t\t\t\t\t\t\t\t\t\t\t\t\t<\/div>\n\t\t\t\t<div class=\"elementor-element elementor-element-5b622835 elementor-widget elementor-widget-icon-box\" data-id=\"5b622835\" data-element_type=\"widget\" data-e-type=\"widget\" data-widget_type=\"icon-box.default\">\n\t\t\t\t\t\t\t<div class=\"elementor-icon-box-wrapper\">\n\n\t\t\t\n\t\t\t\t\t\t<div class=\"elementor-icon-box-content\">\n\n\t\t\t\t\t\t\t\t\t<h3 class=\"elementor-icon-box-title\">\n\t\t\t\t\t\t<a href=\"https:\/\/powoden.com\/ppt\/\" >\n\t\t\t\t\t\t\tPowoden power technologies gmbH\t\t\t\t\t\t<\/a>\n\t\t\t\t\t<\/h3>\n\t\t\t\t\n\t\t\t\t\n\t\t\t<\/div>\n\t\t\t\n\t\t<\/div>\n\t\t\t\t\t\t<\/div>\n\t\t\t\t<div class=\"elementor-element elementor-element-89893cc elementor-widget elementor-widget-text-editor\" data-id=\"89893cc\" data-element_type=\"widget\" data-e-type=\"widget\" data-widget_type=\"text-editor.default\">\n\t\t\t\t\t\t\t\t\t<p>\u2022 Entwicklung und Design<br \/>\u2022 Technische Berechnungen<br \/>\u2022 Engineering<br \/>\u2022 Stahlbau (Produktion und Lieferung)<br \/>\u2022 Montage<\/p>\t\t\t\t\t\t\t\t<\/div>\n\t\t\t\t<div class=\"elementor-element elementor-element-247191a6 elementor-mobile-align-center elementor-widget elementor-widget-button\" data-id=\"247191a6\" data-element_type=\"widget\" data-e-type=\"widget\" data-widget_type=\"button.default\">\n\t\t\t\t\t\t\t\t\t\t<a class=\"elementor-button elementor-button-link elementor-size-sm elementor-animation-float\" href=\"https:\/\/powoden.com\/ppt\/\">\n\t\t\t\t\t\t<span class=\"elementor-button-content-wrapper\">\n\t\t\t\t\t\t\t\t\t<span class=\"elementor-button-text\">Zur Website<\/span>\n\t\t\t\t\t<\/span>\n\t\t\t\t\t<\/a>\n\t\t\t\t\t\t\t\t<\/div>\n\t\t\t\t<\/div>\n\t\t\t\t\t<\/div>\n\t\t\t\t<\/div>\n\t\t<div class=\"elementor-element elementor-element-665302d2 e-con-full e-flex e-con e-parent\" data-id=\"665302d2\" data-element_type=\"container\" data-e-type=\"container\">\n\t\t<div class=\"elementor-element elementor-element-793d61c3 e-flex e-con-boxed e-con e-child\" data-id=\"793d61c3\" data-element_type=\"container\" data-e-type=\"container\" data-settings=\"{&quot;background_background&quot;:&quot;classic&quot;}\">\n\t\t\t\t\t<div class=\"e-con-inner\">\n\t\t\t\t<div class=\"elementor-element elementor-element-9e9cc61 elementor-widget elementor-widget-html\" data-id=\"9e9cc61\" data-element_type=\"widget\" data-e-type=\"widget\" data-widget_type=\"html.default\">\n\t\t\t\t\t<video controls autoplay muted playsinline style=\"width:100%; height:auto;\">\n  <source src=\"https:\/\/powoden-energie.at\/wp-content\/uploads\/2025\/07\/Powoden-Energie-Bautechnik-GmbH%E2%80%8B-Video.mp4#t=1\" type=\"video\/mp4\">\n  Dein Browser unterst\u00fctzt das Video-Tag nicht.\n<\/video>\t\t\t\t<\/div>\n\t\t\t\t\t<\/div>\n\t\t\t\t<\/div>\n\t\t<div class=\"elementor-element elementor-element-2c856fd0 e-flex e-con-boxed e-con e-child\" data-id=\"2c856fd0\" data-element_type=\"container\" data-e-type=\"container\" data-settings=\"{&quot;background_background&quot;:&quot;classic&quot;}\">\n\t\t\t\t\t<div class=\"e-con-inner\">\n\t\t\t\t<div class=\"elementor-element elementor-element-6a0223f8 elementor-invisible elementor-widget elementor-widget-heading\" data-id=\"6a0223f8\" data-element_type=\"widget\" data-e-type=\"widget\" data-settings=\"{&quot;_animation&quot;:&quot;fadeIn&quot;,&quot;_animation_delay&quot;:400}\" data-widget_type=\"heading.default\">\n\t\t\t\t\t<h2 class=\"elementor-heading-title elementor-size-default\">POWODEN HOLDING<\/h2>\t\t\t\t<\/div>\n\t\t\t\t<div class=\"elementor-element elementor-element-38aadb98 elementor-widget elementor-widget-text-editor\" data-id=\"38aadb98\" data-element_type=\"widget\" data-e-type=\"widget\" data-widget_type=\"text-editor.default\">\n\t\t\t\t\t\t\t\t\t<p class=\"p1\">Die Powoden Holding vereint Unternehmen wie die Powoden Energie- &amp; Bautechnik GmbH und die Powoden Power Technologies GmbH unter einem Dach. Sie bietet ganzheitliche L\u00f6sungen von der Entwicklung bis zur Montage \u2013 alles aus einer Hand und in h\u00f6chster Qualit\u00e4t.<\/p>\t\t\t\t\t\t\t\t<\/div>\n\t\t\t\t<div class=\"elementor-element elementor-element-bec8db0 elementor-tablet-align-start elementor-widget-tablet__width-initial elementor-icon-list--layout-traditional elementor-list-item-link-full_width elementor-widget elementor-widget-icon-list\" data-id=\"bec8db0\" data-element_type=\"widget\" data-e-type=\"widget\" data-widget_type=\"icon-list.default\">\n\t\t\t\t\t\t\t<ul class=\"elementor-icon-list-items\">\n\t\t\t\t\t\t\t<li class=\"elementor-icon-list-item\">\n\t\t\t\t\t\t\t\t\t\t<span class=\"elementor-icon-list-text\">Kabelverlegung<\/span>\n\t\t\t\t\t\t\t\t\t<\/li>\n\t\t\t\t\t\t\t\t<li class=\"elementor-icon-list-item\">\n\t\t\t\t\t\t\t\t\t\t<span class=\"elementor-icon-list-text\">Kabelmontagen<\/span>\n\t\t\t\t\t\t\t\t\t<\/li>\n\t\t\t\t\t\t\t\t<li class=\"elementor-icon-list-item\">\n\t\t\t\t\t\t\t\t\t\t<span class=\"elementor-icon-list-text\">Stahlbau<\/span>\n\t\t\t\t\t\t\t\t\t<\/li>\n\t\t\t\t\t\t\t\t<li class=\"elementor-icon-list-item\">\n\t\t\t\t\t\t\t\t\t\t<span class=\"elementor-icon-list-text\">Entwicklung &amp; Design<\/span>\n\t\t\t\t\t\t\t\t\t<\/li>\n\t\t\t\t\t\t<\/ul>\n\t\t\t\t\t\t<\/div>\n\t\t\t\t\t<\/div>\n\t\t\t\t<\/div>\n\t\t\t\t<\/div>\n\t\t<div class=\"elementor-element elementor-element-5f7b9f1 e-flex e-con-boxed e-con e-parent\" data-id=\"5f7b9f1\" data-element_type=\"container\" data-e-type=\"container\">\n\t\t\t\t\t<div class=\"e-con-inner\">\n\t\t\t\t<div class=\"elementor-element elementor-element-2b9fcfa elementor-widget__width-auto elementor-widget elementor-widget-text-editor\" data-id=\"2b9fcfa\" data-element_type=\"widget\" data-e-type=\"widget\" data-widget_type=\"text-editor.default\">\n\t\t\t\t\t\t\t\t\t<p><a href=\"https:\/\/powoden.com\/ppt\/impressum-holding\/\">Impressum<\/a><\/p>\t\t\t\t\t\t\t\t<\/div>\n\t\t\t\t\t<\/div>\n\t\t\t\t<\/div>\n\t\t\t\t<\/div>\n\t\t","protected":false},"excerpt":{"rendered":"<p>Die Powoden Holding GmbH vereint die Unternehmen Powoden Energie- &#038; Bautechnik GmbH und Powoden Power Technologies GmbH. Dadurch entsteht eine ganzheitliche L\u00f6sung f\u00fcr professionellen Kabelzug in Kombination mit Stahlbau \u2013 von der Planung \u00fcber die Produktion bis zur Montage in h\u00f6chster Qualit\u00e4t.<\/p>\n","protected":false},"author":1,"featured_media":150,"parent":0,"menu_order":0,"comment_status":"closed","ping_status":"closed","template":"elementor_canvas","meta":{"footnotes":""},"class_list":["post-216","page","type-page","status-publish","has-post-thumbnail","hentry"],"_links":{"self":[{"href":"https:\/\/powoden.com\/ppt\/wp-json\/wp\/v2\/pages\/216","targetHints":{"allow":["GET"]}}],"collection":[{"href":"https:\/\/powoden.com\/ppt\/wp-json\/wp\/v2\/pages"}],"about":[{"href":"https:\/\/powoden.com\/ppt\/wp-json\/wp\/v2\/types\/page"}],"author":[{"embeddable":true,"href":"https:\/\/powoden.com\/ppt\/wp-json\/wp\/v2\/users\/1"}],"replies":[{"embeddable":true,"href":"https:\/\/powoden.com\/ppt\/wp-json\/wp\/v2\/comments?post=216"}],"version-history":[{"count":127,"href":"https:\/\/powoden.com\/ppt\/wp-json\/wp\/v2\/pages\/216\/revisions"}],"predecessor-version":[{"id":510,"href":"https:\/\/powoden.com\/ppt\/wp-json\/wp\/v2\/pages\/216\/revisions\/510"}],"wp:featuredmedia":[{"embeddable":true,"href":"https:\/\/powoden.com\/ppt\/wp-json\/wp\/v2\/media\/150"}],"wp:attachment":[{"href":"https:\/\/powoden.com\/ppt\/wp-json\/wp\/v2\/media?parent=216"}],"curies":[{"name":"wp","href":"https:\/\/api.w.org\/{rel}","templated":true}]}}