{"id":30,"date":"2026-03-30T17:21:45","date_gmt":"2026-03-30T15:21:45","guid":{"rendered":"http:\/\/powoden.com\/ppt\/terms-of-use\/"},"modified":"2026-04-01T21:08:12","modified_gmt":"2026-04-01T19:08:12","slug":"impressum","status":"publish","type":"page","link":"https:\/\/powoden.com\/ppt\/impressum\/","title":{"rendered":"Impressum"},"content":{"rendered":"\t\t<div data-elementor-type=\"wp-page\" data-elementor-id=\"30\" class=\"elementor elementor-30\" data-elementor-post-type=\"page\">\n\t\t\t\t<div class=\"elementor-element elementor-element-3e697d9b e-flex e-con-boxed e-con e-parent\" data-id=\"3e697d9b\" data-element_type=\"container\" data-e-type=\"container\">\n\t\t\t\t\t<div class=\"e-con-inner\">\n\t\t<div class=\"elementor-element elementor-element-73f91196 e-con-full e-flex e-con e-child\" data-id=\"73f91196\" data-element_type=\"container\" data-e-type=\"container\" data-settings=\"{&quot;background_background&quot;:&quot;classic&quot;}\">\n\t\t\t\t<div class=\"elementor-element elementor-element-2b8a647c elementor-view-stacked elementor-position-inline-start elementor-shape-circle elementor-mobile-position-block-start elementor-widget elementor-widget-icon-box\" data-id=\"2b8a647c\" data-element_type=\"widget\" data-e-type=\"widget\" data-widget_type=\"icon-box.default\">\n\t\t\t\t\t\t\t<div class=\"elementor-icon-box-wrapper\">\n\n\t\t\t\t\t\t<div class=\"elementor-icon-box-icon\">\n\t\t\t\t<span  class=\"elementor-icon\">\n\t\t\t\t<svg aria-hidden=\"true\" class=\"e-font-icon-svg e-fas-circle\" viewBox=\"0 0 512 512\" xmlns=\"http:\/\/www.w3.org\/2000\/svg\"><path d=\"M256 8C119 8 8 119 8 256s111 248 248 248 248-111 248-248S393 8 256 8z\"><\/path><\/svg>\t\t\t\t<\/span>\n\t\t\t<\/div>\n\t\t\t\n\t\t\t\t\t\t<div class=\"elementor-icon-box-content\">\n\n\t\t\t\t\t\t\t\t\t<h3 class=\"elementor-icon-box-title\">\n\t\t\t\t\t\t<span  >\n\t\t\t\t\t\t\tImpressum\t\t\t\t\t\t<\/span>\n\t\t\t\t\t<\/h3>\n\t\t\t\t\n\t\t\t\t\n\t\t\t<\/div>\n\t\t\t\n\t\t<\/div>\n\t\t\t\t\t\t<\/div>\n\t\t\t\t<div class=\"elementor-element elementor-element-2c0f96e2 elementor-widget elementor-widget-text-editor\" data-id=\"2c0f96e2\" data-element_type=\"widget\" data-e-type=\"widget\" data-widget_type=\"text-editor.default\">\n\t\t\t\t\t\t\t\t\t<p><strong>Impressum &amp; Datenschutzerkl\u00e4rung<\/strong><\/p><p>Powoden power technologies gmbh<br \/>Leibnitzer Stra\u00dfe 9<br \/>8410 Wildon<br \/>\u00d6sterreich<\/p><p>UID: ATU82966907<br \/>Firmenbuchnummer: FN 669214p<br \/>Firmenbuchgericht: Landesgericht f\u00fcr ZRS Graz<\/p><p>Telefon: +43 3182 40663<br \/>E-Mail: office@powoden.com<br \/>Web: www.powoden.com<\/p><p><strong>Datenschutzerkl\u00e4rung<\/strong><\/p><p>1. Allgemeines<br \/>Der Schutz Ihrer pers\u00f6nlichen Daten ist uns ein besonderes Anliegen. Wir verarbeiten Ihre Daten ausschlie\u00dflich auf Grundlage der gesetzlichen Bestimmungen (DSGVO, TKG).<\/p><p>2. Verantwortlicher<br \/>Powoden Power Technologies GmbH<br \/>Leibnitzerstra\u00dfe 9, 8410 Wildon, \u00d6sterreich<br \/>E-Mail: office@powoden.com<\/p><p>3. Verarbeitung personenbezogener Daten<br \/>Wir verarbeiten personenbezogene Daten (z. B. Name, E-Mail-Adresse, Telefonnummer), die Sie uns freiwillig im Rahmen von Anfragen \u00fcbermitteln.<\/p><p>4. Zweck der Datenverarbeitung<br \/>Die Datenverarbeitung erfolgt zur:<br \/>&#8211; Bearbeitung von Anfragen<br \/>&#8211; Vertragserf\u00fcllung<br \/>&#8211; Verbesserung unseres Angebots<\/p><p>5. Server-Logfiles<br \/>Beim Besuch dieser Website werden automatisch Informationen (z. B. IP-Adresse, Browsertyp, Uhrzeit) erfasst. Diese dienen der Systemsicherheit und werden nicht mit anderen Datenquellen zusammengef\u00fchrt.<\/p><p>6. Cookies<br \/>Unsere Website verwendet Cookies zur Verbesserung der Benutzerfreundlichkeit. Nicht technisch notwendige Cookies werden nur mit Ihrer Einwilligung gesetzt.<\/p><p>7. Kontaktaufnahme<br \/>Wenn Sie uns per E-Mail oder Formular kontaktieren, werden Ihre Angaben zur Bearbeitung Ihrer Anfrage gespeichert. Eine Weitergabe erfolgt nicht ohne Ihre Einwilligung.<\/p><p>8. Ihre Rechte<br \/>Sie haben das Recht auf:<br \/>&#8211; Auskunft<br \/>&#8211; Berichtigung<br \/>&#8211; L\u00f6schung<br \/>&#8211; Einschr\u00e4nkung der Verarbeitung<br \/>&#8211; Daten\u00fcbertragbarkeit<br \/>&#8211; Widerruf erteilter Einwilligungen<\/p><p>Beschwerden k\u00f6nnen bei der \u00f6sterreichischen Datenschutzbeh\u00f6rde eingebracht werden.<\/p><p>9. Speicherdauer<br \/>Ihre Daten werden nur so lange gespeichert, wie dies zur Erf\u00fcllung der jeweiligen Zwecke erforderlich ist bzw. gesetzliche Aufbewahrungspflichten bestehen.<\/p><p>10. Datensicherheit<br \/>Wir setzen geeignete technische und organisatorische Ma\u00dfnahmen ein, um Ihre Daten vor Verlust, Missbrauch oder unbefugtem Zugriff zu sch\u00fctzen.<\/p><p>11. \u00c4nderungen<br \/>Wir behalten uns vor, diese Datenschutzerkl\u00e4rung bei Bedarf anzupassenp<\/p>\t\t\t\t\t\t\t\t<\/div>\n\t\t\t\t<\/div>\n\t\t\t\t\t<\/div>\n\t\t\t\t<\/div>\n\t\t\t\t<\/div>\n\t\t","protected":false},"excerpt":{"rendered":"<p>Impressum Impressum &amp; Datenschutzerkl\u00e4rung Powoden power technologies gmbhLeibnitzer Stra\u00dfe 98410 Wildon\u00d6sterreich UID: ATU82966907Firmenbuchnummer: FN 669214pFirmenbuchgericht: Landesgericht f\u00fcr ZRS Graz Telefon: +43 3182 40663E-Mail: office@powoden.comWeb: www.powoden.com Datenschutzerkl\u00e4rung 1. AllgemeinesDer Schutz Ihrer pers\u00f6nlichen Daten ist uns ein besonderes Anliegen. Wir verarbeiten Ihre Daten ausschlie\u00dflich auf Grundlage der gesetzlichen Bestimmungen (DSGVO, TKG). 2. VerantwortlicherPowoden Power Technologies GmbHLeibnitzerstra\u00dfe 9, [&hellip;]<\/p>\n","protected":false},"author":1,"featured_media":33,"parent":0,"menu_order":0,"comment_status":"closed","ping_status":"closed","template":"elementor_header_footer","meta":{"footnotes":""},"class_list":["post-30","page","type-page","status-publish","has-post-thumbnail","hentry"],"_links":{"self":[{"href":"https:\/\/powoden.com\/ppt\/wp-json\/wp\/v2\/pages\/30","targetHints":{"allow":["GET"]}}],"collection":[{"href":"https:\/\/powoden.com\/ppt\/wp-json\/wp\/v2\/pages"}],"about":[{"href":"https:\/\/powoden.com\/ppt\/wp-json\/wp\/v2\/types\/page"}],"author":[{"embeddable":true,"href":"https:\/\/powoden.com\/ppt\/wp-json\/wp\/v2\/users\/1"}],"replies":[{"embeddable":true,"href":"https:\/\/powoden.com\/ppt\/wp-json\/wp\/v2\/comments?post=30"}],"version-history":[{"count":26,"href":"https:\/\/powoden.com\/ppt\/wp-json\/wp\/v2\/pages\/30\/revisions"}],"predecessor-version":[{"id":453,"href":"https:\/\/powoden.com\/ppt\/wp-json\/wp\/v2\/pages\/30\/revisions\/453"}],"wp:featuredmedia":[{"embeddable":true,"href":"https:\/\/powoden.com\/ppt\/wp-json\/wp\/v2\/media\/33"}],"wp:attachment":[{"href":"https:\/\/powoden.com\/ppt\/wp-json\/wp\/v2\/media?parent=30"}],"curies":[{"name":"wp","href":"https:\/\/api.w.org\/{rel}","templated":true}]}}